{"id":24,"date":"2025-02-05T14:36:25","date_gmt":"2025-02-05T13:36:25","guid":{"rendered":"https:\/\/smart-haccp.fr\/?page_id=24"},"modified":"2025-02-05T14:36:25","modified_gmt":"2025-02-05T13:36:25","slug":"page-daccueil","status":"publish","type":"page","link":"https:\/\/smart-haccp.fr\/index.php\/page-daccueil\/","title":{"rendered":"Page d&#8217;accueil"},"content":{"rendered":"\n<p><strong>Smart-HCCAP.fr<\/strong> est la solution innovante qui facilite la gestion du plan HACCP pour les <strong>restaurants, p\u00e2tisseries, boucheries<\/strong> et autres m\u00e9tiers de l\u2019alimentaire. Gr\u00e2ce \u00e0 notre plateforme digitale, automatisez le suivi des contr\u00f4les sanitaires, s\u00e9curisez vos donn\u00e9es et assurez une conformit\u00e9 totale aux r\u00e9glementations en vigueur.<\/p>\n\n\n\n<p>\ud83d\udd39 <strong>Simplifiez la gestion HACCP<\/strong> : Remplacez vos documents papier par un suivi digital intuitif.<br>\ud83d\udd39 <strong>Gagnez du temps<\/strong> : Enregistrez les temp\u00e9ratures, contr\u00f4lez la tra\u00e7abilit\u00e9 et g\u00e9n\u00e9rez des rapports en quelques clics.<br>\ud83d\udd39 <strong>S\u00e9curisez vos donn\u00e9es<\/strong> : Acc\u00e9dez \u00e0 vos historiques en toute s\u00e9curit\u00e9 et pr\u00e9parez facilement les audits.<br>\ud83d\udd39 <strong>Une solution adapt\u00e9e \u00e0 votre m\u00e9tier<\/strong> : Restaurants, boulangeries, boucheries, notre outil s\u2019adapte \u00e0 vos besoins sp\u00e9cifiques.<\/p>\n\n\n\n<p>\u2705 <strong>Digitalisez votre suivi HACCP d\u00e8s aujourd\u2019hui avec Smart-HCCAP.fr !<\/strong><\/p>\n","protected":false},"excerpt":{"rendered":"<p>Smart-HCCAP.fr est la solution innovante qui facilite la gestion du plan HACCP pour les restaurants, p\u00e2tisseries, boucheries et autres m\u00e9tiers de l\u2019alimentaire. Gr\u00e2ce \u00e0 notre plateforme digitale, automatisez le suivi des contr\u00f4les sanitaires, s\u00e9curisez vos donn\u00e9es et assurez une conformit\u00e9 totale aux r\u00e9glementations en vigueur. \ud83d\udd39 Simplifiez la gestion HACCP : Remplacez vos documents papier [&hellip;]<\/p>\n","protected":false},"author":1,"featured_media":0,"parent":0,"menu_order":0,"comment_status":"closed","ping_status":"closed","template":"","meta":{"footnotes":""},"class_list":["post-24","page","type-page","status-publish","hentry"],"_links":{"self":[{"href":"https:\/\/smart-haccp.fr\/index.php\/wp-json\/wp\/v2\/pages\/24","targetHints":{"allow":["GET"]}}],"collection":[{"href":"https:\/\/smart-haccp.fr\/index.php\/wp-json\/wp\/v2\/pages"}],"about":[{"href":"https:\/\/smart-haccp.fr\/index.php\/wp-json\/wp\/v2\/types\/page"}],"author":[{"embeddable":true,"href":"https:\/\/smart-haccp.fr\/index.php\/wp-json\/wp\/v2\/users\/1"}],"replies":[{"embeddable":true,"href":"https:\/\/smart-haccp.fr\/index.php\/wp-json\/wp\/v2\/comments?post=24"}],"version-history":[{"count":1,"href":"https:\/\/smart-haccp.fr\/index.php\/wp-json\/wp\/v2\/pages\/24\/revisions"}],"predecessor-version":[{"id":25,"href":"https:\/\/smart-haccp.fr\/index.php\/wp-json\/wp\/v2\/pages\/24\/revisions\/25"}],"wp:attachment":[{"href":"https:\/\/smart-haccp.fr\/index.php\/wp-json\/wp\/v2\/media?parent=24"}],"curies":[{"name":"wp","href":"https:\/\/api.w.org\/{rel}","templated":true}]}}